{"id":162,"date":"2015-01-17T12:03:16","date_gmt":"2015-01-17T12:03:16","guid":{"rendered":"http:\/\/www.livesex-cam.me\/?page_id=162"},"modified":"2021-04-25T15:06:41","modified_gmt":"2021-04-25T15:06:41","slug":"statt-ekelspiele-im-dschungel-doch-lieber-heisse-cams","status":"publish","type":"page","link":"https:\/\/www.livesex-date.com\/cam\/statt-ekelspiele-im-dschungel-doch-lieber-heisse-cams\/","title":{"rendered":"Statt Ekelspiele im Dschungel doch lieber heisse Cams"},"content":{"rendered":"\n<p>Die Werbeindustrie ist nicht zu halten, das Format Ekelspiele wird ganz &#8220;neutral&#8221; im TV aufgelegt. Man ziert sich nicht, sondern stellt alles genau hin was Menschen zum erbrechen bringt. Schon erstaunlich, Menschen, bzw. die Zuschauer bei diesem Mist scheinen doch einige Defizite zu haben. Tabus werden zum Werbeformat &#8211; wie tief will Werbung eigentlich noch sinken nur um Kunden f\u00fcr Werbespots an Land zu ziehen? Mal wieder die typische Doppelmoral, aber blanke Busen im Web mit einem christlichen Pornoparagrafen verfolgen. <a href=\"http:\/\/amateurcam.livecamonline.org\/\">Amateure<\/a> sollten sich diesen Mist verbitten.<\/p>\n\n\n\n<p>Da kann man sich nur noch an den Kopf fassen und sich wirklich sch\u00f6nen Dingen zuwenden. Da ist Livesex mit sch\u00f6nen Frauen doch deutlich ehrlicher. Und vor allem kann man sich an echten naturgewachsenen Sch\u00f6nheiten erfreuen. Die auch frei mit ihrer Erotik Besseres anfangen k\u00f6nnen als sich im Dreck zu w\u00e4lzen und das auch noch zu verkaufen.<\/p>\n\n\n\n<div class=\"wp-block-image\"><figure class=\"alignleft\"><a href=\"http:\/\/www.livesex-date.com\"><img loading=\"lazy\" width=\"250\" height=\"100\" src=\"http:\/\/www.livesex-date.com\/cam\/wp-content\/uploads\/2016\/01\/megadeal-mit-telefonsex-und-livecam.jpg\" alt=\"Megadeal mit Telefonsex und Livecam statt Ekelspiele\" class=\"wp-image-17\"\/><\/a><figcaption>Megadeal mit Telefonsex und Livecam<\/figcaption><\/figure><\/div>\n\n\n\n<p>Da gibt es wirklich bessere <a title=\"private Sexfrau mit Telefontreff\" href=\"https:\/\/www.livesex-date.com\/cam\/rubensfrau-im-camchat-live\/\">sexy Blondinen<\/a>, welche sich auch am Telefon zu den ganz normalen erotischen Dingen bekennen. N\u00e4mlich auch mit Niveau und Gef\u00fchl f\u00fcr die Bed\u00fcrfnisse ihrer Besucher.&nbsp; Diese suchen einfach nur kleine erotische Abenteuer ohne Schmerzen. Oder sich in Rollenspielen ausleben und so f\u00fcr ihren Spa\u00df sorgen wollen. Gibt es ja, auch wenn es besser versteckt wird. Ganz ohne grosse Werbetrommel zu Zeiten wo Jugendliche am TV hocken und sich tats\u00e4chlich nicht bilden. Sondern sich mit so einem K\u00e4se tats\u00e4chlich verbilden lassen. Leider leben die Sender nicht nur von der Einbildung, sie tragen tats\u00e4chlich zur allgemeinen &#8220;Wesensverbl\u00f6dung&#8221; bei.<\/p>\n\n\n\n<p>Erwachsene sollten da klarere Bilder haben. Das t\u00e4gliche Einerlei frisst allerdings soviel Zeit, da l\u00e4\u00dft diese Verachtung \u00fcber die Zuschauer einfach vorbei rauschen. Ekelspiele im vorbei gehen, oder wie macht man aus Schei\u00dfe Geld. Dann doch lieber aus sch\u00f6nen Gespr\u00e4chen mit zweideutigem Inhalten. Erwachsene sind dazu in der Lage. Anstatt sich mit solchen Spinnereien zu besch\u00e4ftigen. Die Werbeindustrie wird es zwar nicht interessieren. Allerdings als Zuschauer hat man eben eine bessere Wahl.<\/p>\n","protected":false},"excerpt":{"rendered":"<p>Die Werbeindustrie ist nicht zu halten, das Format Ekelspiele wird ganz &#8220;neutral&#8221; im TV aufgelegt. Man ziert sich nicht, sondern stellt alles genau hin was Menschen zum erbrechen bringt. Schon erstaunlich, Menschen, bzw. die Zuschauer bei diesem Mist scheinen doch einige Defizite zu haben. Tabus werden zum Werbeformat &#8211; wie tief will Werbung eigentlich noch &hellip; <\/p>\n<p class=\"link-more\"><a href=\"https:\/\/www.livesex-date.com\/cam\/statt-ekelspiele-im-dschungel-doch-lieber-heisse-cams\/\" class=\"more-link\"><span class=\"screen-reader-text\">\u201eStatt Ekelspiele im Dschungel doch lieber heisse Cams\u201c<\/span> weiterlesen<\/a><\/p>\n","protected":false},"author":1,"featured_media":75,"parent":0,"menu_order":0,"comment_status":"open","ping_status":"open","template":"","meta":[],"yoast_head":"<!-- This site is optimized with the Yoast SEO plugin v16.1.1 - https:\/\/yoast.com\/wordpress\/plugins\/seo\/ -->\n<title>Statt Ekelspiele im Dschungel doch lieber heisse Cams - und genie\u00dfen<\/title>\n<meta name=\"description\" content=\"Die Werbeindustrie ist nicht zu halten, das Format Ekelspiele wird ganz &quot;neutral&quot; im TV aufgelegt. Man ziert sich nicht - bis zum Erbrechen\" \/>\n<link rel=\"canonical\" href=\"https:\/\/www.livesex-date.com\/cam\/statt-ekelspiele-im-dschungel-doch-lieber-heisse-cams\/\" \/>\n<meta property=\"og:locale\" content=\"de_DE\" \/>\n<meta property=\"og:type\" content=\"article\" \/>\n<meta property=\"og:title\" content=\"Statt Ekelspiele im Dschungel doch lieber heisse Cams - und genie\u00dfen\" \/>\n<meta property=\"og:description\" content=\"Die Werbeindustrie ist nicht zu halten, das Format Ekelspiele wird ganz &quot;neutral&quot; im TV aufgelegt. Man ziert sich nicht - bis zum Erbrechen\" \/>\n<meta property=\"og:url\" content=\"https:\/\/www.livesex-date.com\/cam\/statt-ekelspiele-im-dschungel-doch-lieber-heisse-cams\/\" \/>\n<meta property=\"og:site_name\" content=\"Live Sex Webcam\" \/>\n<meta property=\"article:modified_time\" content=\"2021-04-25T15:06:41+00:00\" \/>\n<meta property=\"og:image\" content=\"https:\/\/www.livesex-date.com\/cam\/wp-content\/uploads\/2016\/01\/dildospiele-sind-auch-mit-erfahrenen-frauen-geiler.jpg\" \/>\n\t<meta property=\"og:image:width\" content=\"424\" \/>\n\t<meta property=\"og:image:height\" content=\"648\" \/>\n<meta name=\"twitter:card\" content=\"summary\" \/>\n<meta name=\"twitter:label1\" content=\"Gesch\u00e4tzte Lesezeit\">\n\t<meta name=\"twitter:data1\" content=\"2\u00a0Minuten\">\n<script type=\"application\/ld+json\" class=\"yoast-schema-graph\">{\"@context\":\"https:\/\/schema.org\",\"@graph\":[{\"@type\":\"WebSite\",\"@id\":\"https:\/\/www.livesex-date.com\/cam\/#website\",\"url\":\"https:\/\/www.livesex-date.com\/cam\/\",\"name\":\"Live Sex Webcam\",\"description\":\"Hier geht es nur um das Eine\",\"potentialAction\":[{\"@type\":\"SearchAction\",\"target\":\"https:\/\/www.livesex-date.com\/cam\/?s={search_term_string}\",\"query-input\":\"required name=search_term_string\"}],\"inLanguage\":\"de\"},{\"@type\":\"ImageObject\",\"@id\":\"https:\/\/www.livesex-date.com\/cam\/statt-ekelspiele-im-dschungel-doch-lieber-heisse-cams\/#primaryimage\",\"inLanguage\":\"de\",\"url\":\"https:\/\/www.livesex-date.com\/cam\/wp-content\/uploads\/2016\/01\/dildospiele-sind-auch-mit-erfahrenen-frauen-geiler.jpg\",\"contentUrl\":\"https:\/\/www.livesex-date.com\/cam\/wp-content\/uploads\/2016\/01\/dildospiele-sind-auch-mit-erfahrenen-frauen-geiler.jpg\",\"width\":424,\"height\":648,\"caption\":\"Dildospiele sind auch mit erfahrenen Frauen geiler\"},{\"@type\":\"WebPage\",\"@id\":\"https:\/\/www.livesex-date.com\/cam\/statt-ekelspiele-im-dschungel-doch-lieber-heisse-cams\/#webpage\",\"url\":\"https:\/\/www.livesex-date.com\/cam\/statt-ekelspiele-im-dschungel-doch-lieber-heisse-cams\/\",\"name\":\"Statt Ekelspiele im Dschungel doch lieber heisse Cams - und genie\\u00dfen\",\"isPartOf\":{\"@id\":\"https:\/\/www.livesex-date.com\/cam\/#website\"},\"primaryImageOfPage\":{\"@id\":\"https:\/\/www.livesex-date.com\/cam\/statt-ekelspiele-im-dschungel-doch-lieber-heisse-cams\/#primaryimage\"},\"datePublished\":\"2015-01-17T12:03:16+00:00\",\"dateModified\":\"2021-04-25T15:06:41+00:00\",\"description\":\"Die Werbeindustrie ist nicht zu halten, das Format Ekelspiele wird ganz \\\"neutral\\\" im TV aufgelegt. Man ziert sich nicht - bis zum Erbrechen\",\"breadcrumb\":{\"@id\":\"https:\/\/www.livesex-date.com\/cam\/statt-ekelspiele-im-dschungel-doch-lieber-heisse-cams\/#breadcrumb\"},\"inLanguage\":\"de\",\"potentialAction\":[{\"@type\":\"ReadAction\",\"target\":[\"https:\/\/www.livesex-date.com\/cam\/statt-ekelspiele-im-dschungel-doch-lieber-heisse-cams\/\"]}]},{\"@type\":\"BreadcrumbList\",\"@id\":\"https:\/\/www.livesex-date.com\/cam\/statt-ekelspiele-im-dschungel-doch-lieber-heisse-cams\/#breadcrumb\",\"itemListElement\":[{\"@type\":\"ListItem\",\"position\":1,\"item\":{\"@type\":\"WebPage\",\"@id\":\"https:\/\/www.livesex-date.com\/cam\/\",\"url\":\"https:\/\/www.livesex-date.com\/cam\/\",\"name\":\"Home\"}},{\"@type\":\"ListItem\",\"position\":2,\"item\":{\"@type\":\"WebPage\",\"@id\":\"https:\/\/www.livesex-date.com\/cam\/statt-ekelspiele-im-dschungel-doch-lieber-heisse-cams\/\",\"url\":\"https:\/\/www.livesex-date.com\/cam\/statt-ekelspiele-im-dschungel-doch-lieber-heisse-cams\/\",\"name\":\"Statt Ekelspiele im Dschungel doch lieber heisse Cams\"}}]}]}<\/script>\n<!-- \/ Yoast SEO plugin. -->","_links":{"self":[{"href":"https:\/\/www.livesex-date.com\/cam\/wp-json\/wp\/v2\/pages\/162"}],"collection":[{"href":"https:\/\/www.livesex-date.com\/cam\/wp-json\/wp\/v2\/pages"}],"about":[{"href":"https:\/\/www.livesex-date.com\/cam\/wp-json\/wp\/v2\/types\/page"}],"author":[{"embeddable":true,"href":"https:\/\/www.livesex-date.com\/cam\/wp-json\/wp\/v2\/users\/1"}],"replies":[{"embeddable":true,"href":"https:\/\/www.livesex-date.com\/cam\/wp-json\/wp\/v2\/comments?post=162"}],"version-history":[{"count":2,"href":"https:\/\/www.livesex-date.com\/cam\/wp-json\/wp\/v2\/pages\/162\/revisions"}],"predecessor-version":[{"id":401,"href":"https:\/\/www.livesex-date.com\/cam\/wp-json\/wp\/v2\/pages\/162\/revisions\/401"}],"wp:featuredmedia":[{"embeddable":true,"href":"https:\/\/www.livesex-date.com\/cam\/wp-json\/wp\/v2\/media\/75"}],"wp:attachment":[{"href":"https:\/\/www.livesex-date.com\/cam\/wp-json\/wp\/v2\/media?parent=162"}],"curies":[{"name":"wp","href":"https:\/\/api.w.org\/{rel}","templated":true}]}}